{"id":2957,"date":"2023-07-08T16:58:30","date_gmt":"2023-07-08T14:58:30","guid":{"rendered":"https:\/\/villablueocean.fr\/getting-to-the-villa\/"},"modified":"2025-07-17T09:05:36","modified_gmt":"2025-07-17T07:05:36","slug":"getting-to-the-villa","status":"publish","type":"page","link":"https:\/\/villablueocean.fr\/en\/getting-to-the-villa\/","title":{"rendered":"Getting to the villa"},"content":{"rendered":"\t\t<div data-elementor-type=\"wp-page\" data-elementor-id=\"2957\" class=\"elementor elementor-2957 elementor-2809\" data-elementor-post-type=\"page\">\n\t\t\t\t\t\t<section class=\"elementor-section elementor-top-section elementor-element elementor-element-188c91b elementor-section-height-min-height elementor-section-items-bottom elementor-section-boxed elementor-section-height-default\" data-id=\"188c91b\" data-element_type=\"section\" data-e-type=\"section\" data-settings=\"{&quot;background_background&quot;:&quot;classic&quot;}\">\n\t\t\t\t\t\t<div class=\"elementor-container elementor-column-gap-default\">\n\t\t\t\t\t<div class=\"elementor-column elementor-col-100 elementor-top-column elementor-element elementor-element-3dccaa9\" data-id=\"3dccaa9\" data-element_type=\"column\" data-e-type=\"column\">\n\t\t\t<div class=\"elementor-widget-wrap elementor-element-populated\">\n\t\t\t\t\t\t<section class=\"elementor-section elementor-inner-section elementor-element elementor-element-1cf0067 elementor-section-full_width elementor-hidden-tablet elementor-hidden-mobile elementor-section-height-default elementor-section-height-default\" data-id=\"1cf0067\" data-element_type=\"section\" data-e-type=\"section\">\n\t\t\t\t\t\t<div class=\"elementor-container elementor-column-gap-default\">\n\t\t\t\t\t<div class=\"elementor-column elementor-col-100 elementor-inner-column elementor-element elementor-element-a842171\" data-id=\"a842171\" data-element_type=\"column\" data-e-type=\"column\" data-settings=\"{&quot;background_background&quot;:&quot;classic&quot;}\">\n\t\t\t<div class=\"elementor-widget-wrap elementor-element-populated\">\n\t\t\t\t\t\t<div class=\"elementor-element elementor-element-53b409c elementor-widget elementor-widget-heading\" data-id=\"53b409c\" data-element_type=\"widget\" data-e-type=\"widget\" data-widget_type=\"heading.default\">\n\t\t\t\t<div class=\"elementor-widget-container\">\n\t\t\t\t\t<h1 class=\"elementor-heading-title elementor-size-default\">How to get to the villa in Locmaria-Plouzan\u00e9.<\/h1>\t\t\t\t<\/div>\n\t\t\t\t<\/div>\n\t\t\t\t\t<\/div>\n\t\t<\/div>\n\t\t\t\t\t<\/div>\n\t\t<\/section>\n\t\t\t\t\t<\/div>\n\t\t<\/div>\n\t\t\t\t\t<\/div>\n\t\t<\/section>\n\t\t\t\t<section class=\"elementor-section elementor-top-section elementor-element elementor-element-edd5cb1 elementor-section-boxed elementor-section-height-default elementor-section-height-default\" data-id=\"edd5cb1\" data-element_type=\"section\" data-e-type=\"section\" data-settings=\"{&quot;background_background&quot;:&quot;classic&quot;}\">\n\t\t\t\t\t\t<div class=\"elementor-container elementor-column-gap-default\">\n\t\t\t\t\t<div class=\"elementor-column elementor-col-100 elementor-top-column elementor-element elementor-element-3ff909b elementor-hidden-desktop\" data-id=\"3ff909b\" data-element_type=\"column\" data-e-type=\"column\">\n\t\t\t<div class=\"elementor-widget-wrap elementor-element-populated\">\n\t\t\t\t\t\t<div class=\"elementor-element elementor-element-098c23b elementor-widget elementor-widget-heading\" data-id=\"098c23b\" data-element_type=\"widget\" data-e-type=\"widget\" data-widget_type=\"heading.default\">\n\t\t\t\t<div class=\"elementor-widget-container\">\n\t\t\t\t\t<h1 class=\"elementor-heading-title elementor-size-default\">How to get to the villa in Locmaria-Plouzan\u00e9.<\/h1>\t\t\t\t<\/div>\n\t\t\t\t<\/div>\n\t\t\t\t\t<\/div>\n\t\t<\/div>\n\t\t\t\t\t<\/div>\n\t\t<\/section>\n\t\t\t\t<section class=\"elementor-section elementor-top-section elementor-element elementor-element-844417a elementor-section-boxed elementor-section-height-default elementor-section-height-default\" data-id=\"844417a\" data-element_type=\"section\" data-e-type=\"section\">\n\t\t\t\t\t\t<div class=\"elementor-container elementor-column-gap-default\">\n\t\t\t\t\t<div class=\"elementor-column elementor-col-50 elementor-top-column elementor-element elementor-element-e05535e\" data-id=\"e05535e\" data-element_type=\"column\" data-e-type=\"column\" data-settings=\"{&quot;background_background&quot;:&quot;classic&quot;}\">\n\t\t\t<div class=\"elementor-widget-wrap elementor-element-populated\">\n\t\t\t\t\t\t<div class=\"elementor-element elementor-element-cb2b0fd elementor-widget elementor-widget-heading\" data-id=\"cb2b0fd\" data-element_type=\"widget\" data-e-type=\"widget\" data-widget_type=\"heading.default\">\n\t\t\t\t<div class=\"elementor-widget-container\">\n\t\t\t\t\t<h2 class=\"elementor-heading-title elementor-size-default\">Villa Blue Ocean<\/h2>\t\t\t\t<\/div>\n\t\t\t\t<\/div>\n\t\t\t\t<section class=\"elementor-section elementor-inner-section elementor-element elementor-element-6f2a2df elementor-section-full_width elementor-section-height-default elementor-section-height-default\" data-id=\"6f2a2df\" data-element_type=\"section\" data-e-type=\"section\">\n\t\t\t\t\t\t<div class=\"elementor-container elementor-column-gap-default\">\n\t\t\t\t\t<div class=\"elementor-column elementor-col-50 elementor-inner-column elementor-element elementor-element-675b08d\" data-id=\"675b08d\" data-element_type=\"column\" data-e-type=\"column\">\n\t\t\t<div class=\"elementor-widget-wrap elementor-element-populated\">\n\t\t\t\t\t\t<div class=\"elementor-element elementor-element-647eec7 elementor-view-default elementor-position-block-start elementor-mobile-position-block-start elementor-widget elementor-widget-icon-box\" data-id=\"647eec7\" data-element_type=\"widget\" data-e-type=\"widget\" data-widget_type=\"icon-box.default\">\n\t\t\t\t<div class=\"elementor-widget-container\">\n\t\t\t\t\t\t\t<div class=\"elementor-icon-box-wrapper\">\n\n\t\t\t\t\t\t<div class=\"elementor-icon-box-icon\">\n\t\t\t\t<span  class=\"elementor-icon\">\n\t\t\t\t<svg xmlns=\"http:\/\/www.w3.org\/2000\/svg\" xmlns:xlink=\"http:\/\/www.w3.org\/1999\/xlink\" id=\"Calque_1\" x=\"0px\" y=\"0px\" viewBox=\"0 0 17.4 21.1\" style=\"enable-background:new 0 0 17.4 21.1;\" xml:space=\"preserve\"><style type=\"text\/css\">\t.st0{fill:#988577;}<\/style><path id=\"map-pin\" class=\"st0\" d=\"M8.7,0c2.3,0,4.5,0.9,6.2,2.6c1.6,1.6,2.6,3.8,2.6,6.1c0,1.7-0.5,3.3-1.3,4.8  c-0.8,1.4-1.8,2.7-2.9,3.9c-1.3,1.3-2.7,2.5-4.2,3.6l-0.3,0.2l-0.3-0.2c-1.5-1.1-2.9-2.3-4.2-3.6c-1.1-1.2-2.1-2.5-2.9-3.9  C0.5,12,0,10.3,0,8.7C0,3.9,3.9,0,8.7,0z M8.7,19.9c1.4-1,2.6-2.1,3.8-3.3c1.8-1.9,4-4.8,4-8c0-4.2-3.5-7.6-7.8-7.6  C4.4,1.1,1,4.5,1,8.7C1,14,7.3,18.9,8.7,19.9L8.7,19.9z M8.7,5.5c1.8,0,3.2,1.4,3.2,3.2s-1.4,3.2-3.2,3.2s-3.2-1.4-3.2-3.2  c0-0.8,0.3-1.7,0.9-2.3C7,5.8,7.8,5.5,8.7,5.5z M8.7,10.9c1.2,0,2.2-1,2.2-2.2c0-1.2-1-2.2-2.2-2.2c-1.2,0-2.2,1-2.2,2.2  C6.4,9.9,7.4,10.9,8.7,10.9C8.6,10.9,8.6,10.9,8.7,10.9z\"><\/path><\/svg>\t\t\t\t<\/span>\n\t\t\t<\/div>\n\t\t\t\n\t\t\t\t\t\t<div class=\"elementor-icon-box-content\">\n\n\t\t\t\t\t\t\t\t\t<h3 class=\"elementor-icon-box-title\">\n\t\t\t\t\t\t<span  >\n\t\t\t\t\t\t\t10 Streat Kan An Avel,<br> 29130 Locmaria-Plouzan\u00e9\t\t\t\t\t\t<\/span>\n\t\t\t\t\t<\/h3>\n\t\t\t\t\n\t\t\t\t\n\t\t\t<\/div>\n\t\t\t\n\t\t<\/div>\n\t\t\t\t\t\t<\/div>\n\t\t\t\t<\/div>\n\t\t\t\t\t<\/div>\n\t\t<\/div>\n\t\t\t\t<div class=\"elementor-column elementor-col-50 elementor-inner-column elementor-element elementor-element-92d28c1\" data-id=\"92d28c1\" data-element_type=\"column\" data-e-type=\"column\">\n\t\t\t<div class=\"elementor-widget-wrap elementor-element-populated\">\n\t\t\t\t\t\t<div class=\"elementor-element elementor-element-9b13a5c elementor-view-default elementor-position-block-start elementor-mobile-position-block-start elementor-widget elementor-widget-icon-box\" data-id=\"9b13a5c\" data-element_type=\"widget\" data-e-type=\"widget\" data-widget_type=\"icon-box.default\">\n\t\t\t\t<div class=\"elementor-widget-container\">\n\t\t\t\t\t\t\t<div class=\"elementor-icon-box-wrapper\">\n\n\t\t\t\t\t\t<div class=\"elementor-icon-box-icon\">\n\t\t\t\t<a href=\"tel:+33788243897\" class=\"elementor-icon\" tabindex=\"-1\" aria-label=\"Call us :&lt;br&gt;+33 7 88 24 38 97\">\n\t\t\t\t<svg xmlns=\"http:\/\/www.w3.org\/2000\/svg\" xmlns:xlink=\"http:\/\/www.w3.org\/1999\/xlink\" id=\"Calque_1\" x=\"0px\" y=\"0px\" viewBox=\"0 0 14.1 16\" style=\"enable-background:new 0 0 14.1 16;\" xml:space=\"preserve\"><style type=\"text\/css\">\t.st0{fill:#988577;}<\/style><path id=\"telephone\" class=\"st0\" d=\"M11,16c-1.2-0.2-2.3-0.6-3.2-1.3c-1.6-1.1-3-2.4-4.1-4C1.2,7.4,0,4.9,0,3.2  c0-1.1,0.6-2.1,1.6-2.5l0.2-0.1C2.3,0.2,2.9,0,3.6,0c0.6,0,1.1,0.3,1.3,0.9l0,0l0,0c0,0.1,0.3,0.8,0.5,1.3C5.8,2.9,6,3.4,6.1,3.5  c0.3,0.7,0,1.5-0.6,1.9L5.4,5.5H5.2C5.1,5.6,5,5.7,4.9,5.9C4.9,6,4.9,6,5,6l0,0l0,0c0.7,1,3.1,3.9,3.4,4.2c0.1,0.1,0.1,0.1,0.2,0.1  c0,0,0,0,0.1,0l0.1-0.1l0.1,0c0.1,0,0.1-0.1,0.1-0.1c0-0.1,0.1-0.1,0.1-0.2l0.2-0.2l0.1,0c0.3-0.1,0.5-0.2,0.8-0.3  c0.4,0,0.8,0.1,1.1,0.4c0.7,0.5,2.2,1.6,2.3,1.6l0,0l0,0c0.5,0.5,0.6,1.3,0.3,1.9C13.5,14.9,12.4,15.8,11,16z M3.6,1  C3.1,1,2.7,1.1,2.3,1.4l0,0L2,1.5c-0.6,0.3-1,1-1,1.7C1,4.7,2.2,7,4.5,10.1C7,13.5,10,15,11,15c0.9,0,1.9-1.2,2-1.7l0,0l0,0  c0.2-0.5,0.1-0.7-0.1-0.8c-0.3-0.2-1.6-1.1-2.3-1.6l0,0l0,0c-0.1-0.1-0.3-0.2-0.4-0.2c-0.1,0-0.2,0.1-0.3,0.1l0,0c0,0,0,0-0.1,0.1  c-0.1,0.2-0.2,0.3-0.4,0.4c-0.2,0.2-0.4,0.3-0.7,0.3c-0.4,0-0.7-0.2-0.9-0.4c-0.4-0.4-2.8-3.3-3.5-4.3C4,6.5,3.9,6.1,3.9,5.8V5.7  l0-0.1c0.2-0.5,0.5-0.9,1-1.1L5,4.5h0c0.2-0.2,0.2-0.4,0.1-0.6l0,0c0-0.1-0.3-0.8-0.5-1.3C4.3,1.9,4.1,1.5,4,1.3C4,1.1,3.8,1,3.6,1z  \"><\/path><\/svg>\t\t\t\t<\/a>\n\t\t\t<\/div>\n\t\t\t\n\t\t\t\t\t\t<div class=\"elementor-icon-box-content\">\n\n\t\t\t\t\t\t\t\t\t<h3 class=\"elementor-icon-box-title\">\n\t\t\t\t\t\t<a href=\"tel:+33788243897\" >\n\t\t\t\t\t\t\tCall us :<br>+33 7 88 24 38 97\t\t\t\t\t\t<\/a>\n\t\t\t\t\t<\/h3>\n\t\t\t\t\n\t\t\t\t\n\t\t\t<\/div>\n\t\t\t\n\t\t<\/div>\n\t\t\t\t\t\t<\/div>\n\t\t\t\t<\/div>\n\t\t\t\t\t<\/div>\n\t\t<\/div>\n\t\t\t\t\t<\/div>\n\t\t<\/section>\n\t\t\t\t\t<\/div>\n\t\t<\/div>\n\t\t\t\t<div class=\"elementor-column elementor-col-50 elementor-top-column elementor-element elementor-element-1bf54f0\" data-id=\"1bf54f0\" data-element_type=\"column\" data-e-type=\"column\">\n\t\t\t<div class=\"elementor-widget-wrap elementor-element-populated\">\n\t\t\t\t\t\t<div class=\"elementor-element elementor-element-c539444 elementor-widget elementor-widget-google_maps\" data-id=\"c539444\" data-element_type=\"widget\" data-e-type=\"widget\" data-widget_type=\"google_maps.default\">\n\t\t\t\t<div class=\"elementor-widget-container\">\n\t\t\t\t\t\t\t<div class=\"elementor-custom-embed\">\n\t\t\t<iframe loading=\"lazy\"\n\t\t\t\t\tsrc=\"https:\/\/maps.google.com\/maps?q=10%20Streat%20Kan%20An%20Avel%2C%2029130%20Locmaria-Plouzan%C3%A9&#038;t=m&#038;z=13&#038;output=embed&#038;iwloc=near\"\n\t\t\t\t\ttitle=\"10 Streat Kan An Avel, 29130 Locmaria-Plouzan\u00e9\"\n\t\t\t\t\taria-label=\"10 Streat Kan An Avel, 29130 Locmaria-Plouzan\u00e9\"\n\t\t\t><\/iframe>\n\t\t<\/div>\n\t\t\t\t\t\t<\/div>\n\t\t\t\t<\/div>\n\t\t\t\t\t<\/div>\n\t\t<\/div>\n\t\t\t\t\t<\/div>\n\t\t<\/section>\n\t\t\t\t<section class=\"elementor-section elementor-top-section elementor-element elementor-element-6de0d8d elementor-reverse-tablet elementor-reverse-mobile elementor-section-boxed elementor-section-height-default elementor-section-height-default\" data-id=\"6de0d8d\" data-element_type=\"section\" data-e-type=\"section\" data-settings=\"{&quot;background_background&quot;:&quot;classic&quot;}\">\n\t\t\t\t\t\t\t<div class=\"elementor-background-overlay\"><\/div>\n\t\t\t\t\t\t\t<div class=\"elementor-container elementor-column-gap-default\">\n\t\t\t\t\t<div class=\"elementor-column elementor-col-50 elementor-top-column elementor-element elementor-element-ba1c17f\" data-id=\"ba1c17f\" data-element_type=\"column\" data-e-type=\"column\">\n\t\t\t<div class=\"elementor-widget-wrap elementor-element-populated\">\n\t\t\t\t\t\t<div class=\"elementor-element elementor-element-5f73ab1 elementor-widget elementor-widget-image\" data-id=\"5f73ab1\" data-element_type=\"widget\" data-e-type=\"widget\" data-widget_type=\"image.default\">\n\t\t\t\t<div class=\"elementor-widget-container\">\n\t\t\t\t\t\t\t\t\t\t\t\t\t\t\t<img fetchpriority=\"high\" decoding=\"async\" width=\"800\" height=\"534\" src=\"https:\/\/villablueocean.fr\/wp-content\/uploads\/2023\/07\/train-taxi-1024x684.jpg\" class=\"attachment-large size-large wp-image-2843\" alt=\"Deux personnes voyageant dans un train\" srcset=\"https:\/\/villablueocean.fr\/wp-content\/uploads\/2023\/07\/train-taxi-1024x684.jpg 1024w, https:\/\/villablueocean.fr\/wp-content\/uploads\/2023\/07\/train-taxi-300x200.jpg 300w, https:\/\/villablueocean.fr\/wp-content\/uploads\/2023\/07\/train-taxi-768x513.jpg 768w, https:\/\/villablueocean.fr\/wp-content\/uploads\/2023\/07\/train-taxi.jpg 1200w\" sizes=\"(max-width: 800px) 100vw, 800px\" \/>\t\t\t\t\t\t\t\t\t\t\t\t\t\t\t<\/div>\n\t\t\t\t<\/div>\n\t\t\t\t<div class=\"elementor-element elementor-element-cd3bdcc elementor-absolute elementor-widget elementor-widget-image\" data-id=\"cd3bdcc\" data-element_type=\"widget\" data-e-type=\"widget\" data-settings=\"{&quot;_position&quot;:&quot;absolute&quot;}\" data-widget_type=\"image.default\">\n\t\t\t\t<div class=\"elementor-widget-container\">\n\t\t\t\t\t\t\t\t\t\t\t\t\t\t\t<img fetchpriority=\"high\" decoding=\"async\" width=\"800\" height=\"534\" src=\"https:\/\/villablueocean.fr\/wp-content\/uploads\/2023\/07\/train-taxi-1024x684.jpg\" class=\"attachment-large size-large wp-image-2843\" alt=\"Deux personnes voyageant dans un train\" srcset=\"https:\/\/villablueocean.fr\/wp-content\/uploads\/2023\/07\/train-taxi-1024x684.jpg 1024w, https:\/\/villablueocean.fr\/wp-content\/uploads\/2023\/07\/train-taxi-300x200.jpg 300w, https:\/\/villablueocean.fr\/wp-content\/uploads\/2023\/07\/train-taxi-768x513.jpg 768w, https:\/\/villablueocean.fr\/wp-content\/uploads\/2023\/07\/train-taxi.jpg 1200w\" sizes=\"(max-width: 800px) 100vw, 800px\" \/>\t\t\t\t\t\t\t\t\t\t\t\t\t\t\t<\/div>\n\t\t\t\t<\/div>\n\t\t\t\t\t<\/div>\n\t\t<\/div>\n\t\t\t\t<div class=\"elementor-column elementor-col-50 elementor-top-column elementor-element elementor-element-5e469df\" data-id=\"5e469df\" data-element_type=\"column\" data-e-type=\"column\">\n\t\t\t<div class=\"elementor-widget-wrap elementor-element-populated\">\n\t\t\t\t\t\t<div class=\"elementor-element elementor-element-7e2407d elementor-widget elementor-widget-heading\" data-id=\"7e2407d\" data-element_type=\"widget\" data-e-type=\"widget\" data-widget_type=\"heading.default\">\n\t\t\t\t<div class=\"elementor-widget-container\">\n\t\t\t\t\t<h2 class=\"elementor-heading-title elementor-size-default\">By train and taxi<\/h2>\t\t\t\t<\/div>\n\t\t\t\t<\/div>\n\t\t\t\t<div class=\"elementor-element elementor-element-715ae2a elementor-widget elementor-widget-text-editor\" data-id=\"715ae2a\" data-element_type=\"widget\" data-e-type=\"widget\" data-widget_type=\"text-editor.default\">\n\t\t\t\t<div class=\"elementor-widget-container\">\n\t\t\t\t\t\t\t\t\t<p>By high-speed train (<a href=\"https:\/\/www.sncf.com\/fr\">TGV<\/a>) Brest is 4 hours from Paris.<\/p>\n\t\t\t\t\t\t\t\t<\/div>\n\t\t\t\t<\/div>\n\t\t\t\t<div class=\"elementor-element elementor-element-c6d8af9 elementor-widget elementor-widget-text-editor\" data-id=\"c6d8af9\" data-element_type=\"widget\" data-e-type=\"widget\" data-widget_type=\"text-editor.default\">\n\t\t\t\t<div class=\"elementor-widget-container\">\n\t\t\t\t\t\t\t\t\t<p>You can then take a <a href=\"https:\/\/www.taxisbrestois801.com\/?at_medium=sl&amp;at_campaign=booster_bing_ads\">taxi<\/a> for the last 20 kilometres of the journey to get to Locmaria-Plouzan\u00e9. Taxis can be booked several days in advance. By car, access is easy thanks to comfortable departmental roads.<\/p>\n\t\t\t\t\t\t\t\t<\/div>\n\t\t\t\t<\/div>\n\t\t\t\t\t<\/div>\n\t\t<\/div>\n\t\t\t\t\t<\/div>\n\t\t<\/section>\n\t\t\t\t<\/div>\n\t\t","protected":false},"excerpt":{"rendered":"<p>How to get to the villa in Locmaria-Plouzan\u00e9. How to get to the villa in Locmaria-Plouzan\u00e9. Villa Blue Ocean 10 Streat Kan An Avel, 29130 Locmaria-Plouzan\u00e9 Call us :+33 7 88 24 38 97 By train and taxi By high-speed train (TGV) Brest is 4 hours from Paris. You can then take a taxi for [&hellip;]<\/p>\n","protected":false},"author":1,"featured_media":0,"parent":0,"menu_order":0,"comment_status":"closed","ping_status":"closed","template":"","meta":{"_acf_changed":false,"inline_featured_image":false,"_monsterinsights_skip_tracking":false,"_monsterinsights_sitenote_active":false,"_monsterinsights_sitenote_note":"","_monsterinsights_sitenote_category":0,"footnotes":""},"class_list":["post-2957","page","type-page","status-publish","hentry"],"acf":[],"yoast_head":"<!-- This site is optimized with the Yoast SEO plugin v27.4 - https:\/\/yoast.com\/product\/yoast-seo-wordpress\/ -->\n<title>Getting to the villa - Villa Blue Ocean<\/title>\n<meta name=\"robots\" content=\"index, follow, max-snippet:-1, max-image-preview:large, max-video-preview:-1\" \/>\n<link rel=\"canonical\" href=\"https:\/\/villablueocean.fr\/en\/getting-to-the-villa\/\" \/>\n<meta property=\"og:locale\" content=\"en_US\" \/>\n<meta property=\"og:type\" content=\"article\" \/>\n<meta property=\"og:title\" content=\"Getting to the villa - Villa Blue Ocean\" \/>\n<meta property=\"og:description\" content=\"How to get to the villa in Locmaria-Plouzan\u00e9. How to get to the villa in Locmaria-Plouzan\u00e9. Villa Blue Ocean 10 Streat Kan An Avel, 29130 Locmaria-Plouzan\u00e9 Call us :+33 7 88 24 38 97 By train and taxi By high-speed train (TGV) Brest is 4 hours from Paris. You can then take a taxi for [&hellip;]\" \/>\n<meta property=\"og:url\" content=\"https:\/\/villablueocean.fr\/en\/getting-to-the-villa\/\" \/>\n<meta property=\"og:site_name\" content=\"Villa Blue Ocean\" \/>\n<meta property=\"article:modified_time\" content=\"2025-07-17T07:05:36+00:00\" \/>\n<meta property=\"og:image\" content=\"https:\/\/villablueocean.fr\/wp-content\/uploads\/2023\/07\/train-taxi-1024x684.webp\" \/>\n<meta name=\"twitter:card\" content=\"summary_large_image\" \/>\n<meta name=\"twitter:label1\" content=\"Est. reading time\" \/>\n\t<meta name=\"twitter:data1\" content=\"1 minute\" \/>\n<script type=\"application\/ld+json\" class=\"yoast-schema-graph\">{\"@context\":\"https:\\\/\\\/schema.org\",\"@graph\":[{\"@type\":\"WebPage\",\"@id\":\"https:\\\/\\\/villablueocean.fr\\\/en\\\/getting-to-the-villa\\\/\",\"url\":\"https:\\\/\\\/villablueocean.fr\\\/en\\\/getting-to-the-villa\\\/\",\"name\":\"Getting to the villa - Villa Blue Ocean\",\"isPartOf\":{\"@id\":\"https:\\\/\\\/villablueocean.fr\\\/en\\\/#website\"},\"primaryImageOfPage\":{\"@id\":\"https:\\\/\\\/villablueocean.fr\\\/en\\\/getting-to-the-villa\\\/#primaryimage\"},\"image\":{\"@id\":\"https:\\\/\\\/villablueocean.fr\\\/en\\\/getting-to-the-villa\\\/#primaryimage\"},\"thumbnailUrl\":\"https:\\\/\\\/villablueocean.fr\\\/wp-content\\\/uploads\\\/2023\\\/07\\\/train-taxi-1024x684.webp\",\"datePublished\":\"2023-07-08T14:58:30+00:00\",\"dateModified\":\"2025-07-17T07:05:36+00:00\",\"breadcrumb\":{\"@id\":\"https:\\\/\\\/villablueocean.fr\\\/en\\\/getting-to-the-villa\\\/#breadcrumb\"},\"inLanguage\":\"en-US\",\"potentialAction\":[{\"@type\":\"ReadAction\",\"target\":[\"https:\\\/\\\/villablueocean.fr\\\/en\\\/getting-to-the-villa\\\/\"]}]},{\"@type\":\"ImageObject\",\"inLanguage\":\"en-US\",\"@id\":\"https:\\\/\\\/villablueocean.fr\\\/en\\\/getting-to-the-villa\\\/#primaryimage\",\"url\":\"https:\\\/\\\/villablueocean.fr\\\/wp-content\\\/uploads\\\/2023\\\/07\\\/train-taxi-1024x684.webp\",\"contentUrl\":\"https:\\\/\\\/villablueocean.fr\\\/wp-content\\\/uploads\\\/2023\\\/07\\\/train-taxi-1024x684.webp\"},{\"@type\":\"BreadcrumbList\",\"@id\":\"https:\\\/\\\/villablueocean.fr\\\/en\\\/getting-to-the-villa\\\/#breadcrumb\",\"itemListElement\":[{\"@type\":\"ListItem\",\"position\":1,\"name\":\"Accueil\",\"item\":\"https:\\\/\\\/villablueocean.fr\\\/en\\\/\"},{\"@type\":\"ListItem\",\"position\":2,\"name\":\"Getting to the villa\"}]},{\"@type\":\"WebSite\",\"@id\":\"https:\\\/\\\/villablueocean.fr\\\/en\\\/#website\",\"url\":\"https:\\\/\\\/villablueocean.fr\\\/en\\\/\",\"name\":\"Villa Blue Ocean\",\"description\":\"\",\"publisher\":{\"@id\":\"https:\\\/\\\/villablueocean.fr\\\/en\\\/#organization\"},\"potentialAction\":[{\"@type\":\"SearchAction\",\"target\":{\"@type\":\"EntryPoint\",\"urlTemplate\":\"https:\\\/\\\/villablueocean.fr\\\/en\\\/?s={search_term_string}\"},\"query-input\":{\"@type\":\"PropertyValueSpecification\",\"valueRequired\":true,\"valueName\":\"search_term_string\"}}],\"inLanguage\":\"en-US\"},{\"@type\":\"Organization\",\"@id\":\"https:\\\/\\\/villablueocean.fr\\\/en\\\/#organization\",\"name\":\"Villa Blue Ocean\",\"url\":\"https:\\\/\\\/villablueocean.fr\\\/en\\\/\",\"logo\":{\"@type\":\"ImageObject\",\"inLanguage\":\"en-US\",\"@id\":\"https:\\\/\\\/villablueocean.fr\\\/en\\\/#\\\/schema\\\/logo\\\/image\\\/\",\"url\":\"https:\\\/\\\/villablueocean.fr\\\/wp-content\\\/uploads\\\/2023\\\/06\\\/favicon.png\",\"contentUrl\":\"https:\\\/\\\/villablueocean.fr\\\/wp-content\\\/uploads\\\/2023\\\/06\\\/favicon.png\",\"width\":550,\"height\":550,\"caption\":\"Villa Blue Ocean\"},\"image\":{\"@id\":\"https:\\\/\\\/villablueocean.fr\\\/en\\\/#\\\/schema\\\/logo\\\/image\\\/\"}}]}<\/script>\n<!-- \/ Yoast SEO plugin. -->","yoast_head_json":{"title":"Getting to the villa - Villa Blue Ocean","robots":{"index":"index","follow":"follow","max-snippet":"max-snippet:-1","max-image-preview":"max-image-preview:large","max-video-preview":"max-video-preview:-1"},"canonical":"https:\/\/villablueocean.fr\/en\/getting-to-the-villa\/","og_locale":"en_US","og_type":"article","og_title":"Getting to the villa - Villa Blue Ocean","og_description":"How to get to the villa in Locmaria-Plouzan\u00e9. How to get to the villa in Locmaria-Plouzan\u00e9. Villa Blue Ocean 10 Streat Kan An Avel, 29130 Locmaria-Plouzan\u00e9 Call us :+33 7 88 24 38 97 By train and taxi By high-speed train (TGV) Brest is 4 hours from Paris. You can then take a taxi for [&hellip;]","og_url":"https:\/\/villablueocean.fr\/en\/getting-to-the-villa\/","og_site_name":"Villa Blue Ocean","article_modified_time":"2025-07-17T07:05:36+00:00","og_image":[{"url":"https:\/\/villablueocean.fr\/wp-content\/uploads\/2023\/07\/train-taxi-1024x684.webp","type":"","width":"","height":""}],"twitter_card":"summary_large_image","twitter_misc":{"Est. reading time":"1 minute"},"schema":{"@context":"https:\/\/schema.org","@graph":[{"@type":"WebPage","@id":"https:\/\/villablueocean.fr\/en\/getting-to-the-villa\/","url":"https:\/\/villablueocean.fr\/en\/getting-to-the-villa\/","name":"Getting to the villa - Villa Blue Ocean","isPartOf":{"@id":"https:\/\/villablueocean.fr\/en\/#website"},"primaryImageOfPage":{"@id":"https:\/\/villablueocean.fr\/en\/getting-to-the-villa\/#primaryimage"},"image":{"@id":"https:\/\/villablueocean.fr\/en\/getting-to-the-villa\/#primaryimage"},"thumbnailUrl":"https:\/\/villablueocean.fr\/wp-content\/uploads\/2023\/07\/train-taxi-1024x684.webp","datePublished":"2023-07-08T14:58:30+00:00","dateModified":"2025-07-17T07:05:36+00:00","breadcrumb":{"@id":"https:\/\/villablueocean.fr\/en\/getting-to-the-villa\/#breadcrumb"},"inLanguage":"en-US","potentialAction":[{"@type":"ReadAction","target":["https:\/\/villablueocean.fr\/en\/getting-to-the-villa\/"]}]},{"@type":"ImageObject","inLanguage":"en-US","@id":"https:\/\/villablueocean.fr\/en\/getting-to-the-villa\/#primaryimage","url":"https:\/\/villablueocean.fr\/wp-content\/uploads\/2023\/07\/train-taxi-1024x684.webp","contentUrl":"https:\/\/villablueocean.fr\/wp-content\/uploads\/2023\/07\/train-taxi-1024x684.webp"},{"@type":"BreadcrumbList","@id":"https:\/\/villablueocean.fr\/en\/getting-to-the-villa\/#breadcrumb","itemListElement":[{"@type":"ListItem","position":1,"name":"Accueil","item":"https:\/\/villablueocean.fr\/en\/"},{"@type":"ListItem","position":2,"name":"Getting to the villa"}]},{"@type":"WebSite","@id":"https:\/\/villablueocean.fr\/en\/#website","url":"https:\/\/villablueocean.fr\/en\/","name":"Villa Blue Ocean","description":"","publisher":{"@id":"https:\/\/villablueocean.fr\/en\/#organization"},"potentialAction":[{"@type":"SearchAction","target":{"@type":"EntryPoint","urlTemplate":"https:\/\/villablueocean.fr\/en\/?s={search_term_string}"},"query-input":{"@type":"PropertyValueSpecification","valueRequired":true,"valueName":"search_term_string"}}],"inLanguage":"en-US"},{"@type":"Organization","@id":"https:\/\/villablueocean.fr\/en\/#organization","name":"Villa Blue Ocean","url":"https:\/\/villablueocean.fr\/en\/","logo":{"@type":"ImageObject","inLanguage":"en-US","@id":"https:\/\/villablueocean.fr\/en\/#\/schema\/logo\/image\/","url":"https:\/\/villablueocean.fr\/wp-content\/uploads\/2023\/06\/favicon.png","contentUrl":"https:\/\/villablueocean.fr\/wp-content\/uploads\/2023\/06\/favicon.png","width":550,"height":550,"caption":"Villa Blue Ocean"},"image":{"@id":"https:\/\/villablueocean.fr\/en\/#\/schema\/logo\/image\/"}}]}},"_links":{"self":[{"href":"https:\/\/villablueocean.fr\/en\/wp-json\/wp\/v2\/pages\/2957","targetHints":{"allow":["GET"]}}],"collection":[{"href":"https:\/\/villablueocean.fr\/en\/wp-json\/wp\/v2\/pages"}],"about":[{"href":"https:\/\/villablueocean.fr\/en\/wp-json\/wp\/v2\/types\/page"}],"author":[{"embeddable":true,"href":"https:\/\/villablueocean.fr\/en\/wp-json\/wp\/v2\/users\/1"}],"replies":[{"embeddable":true,"href":"https:\/\/villablueocean.fr\/en\/wp-json\/wp\/v2\/comments?post=2957"}],"version-history":[{"count":5,"href":"https:\/\/villablueocean.fr\/en\/wp-json\/wp\/v2\/pages\/2957\/revisions"}],"predecessor-version":[{"id":5170,"href":"https:\/\/villablueocean.fr\/en\/wp-json\/wp\/v2\/pages\/2957\/revisions\/5170"}],"wp:attachment":[{"href":"https:\/\/villablueocean.fr\/en\/wp-json\/wp\/v2\/media?parent=2957"}],"curies":[{"name":"wp","href":"https:\/\/api.w.org\/{rel}","templated":true}]}}